{"id":57,"date":"2022-06-06T18:49:02","date_gmt":"2022-06-06T16:49:02","guid":{"rendered":"http:\/\/k9unit.fr\/?page_id=57"},"modified":"2022-09-01T21:58:14","modified_gmt":"2022-09-01T19:58:14","slug":"one-page-express","status":"publish","type":"page","link":"https:\/\/k9unit.fr\/","title":{"rendered":"Accueil"},"content":{"rendered":"<div  data-label=\"Overlapable\" data-id=\"stripped-features-overlapped-icons-section\" data-category=\"overlapable\" class=\"features-overlapped-icons-section stripped-features-overlapped-icons-section\" data-overlap=\"true\" id=\"overlapable-4\" style=\"background-color: rgb(255, 255, 255);\">\n<div  class=\"gridContainer\">\n<div  class=\"features-overlapped-icons-featuresrow flexbox-list\" data-type=\"row\">\n<div  class=\"features-large-icons-featcol cp3cols cp6cols-tablet\">\n<div  class=\"features-overlapped-icons-featinnerrow\">\n<div  class=\"features-icon-container\"><i  data-cp-fa=\"true\" class=\"font-icon-features-icon-container fa fa-sort-alpha-asc\"><\/i><\/div>\n<div  data-type=\"column\" class=\"\">\n<h4  class=\"\">Bilan Comportemental<\/h4>\n<p  class=\"\">Pour tous les chiens qui pr\u00e9sentent des troubles comportementaux (destructions, anxi\u00e9t\u00e9, etc.)<\/p>\n\n\n<\/div>\n<\/div>\n<\/div>\n<div  class=\"features-large-icons-featcol cp3cols cp6cols-tablet\">\n<div  class=\"features-overlapped-icons-featinnerrow\">\n<div  class=\"features-icon-container\"><i  data-cp-fa=\"true\" class=\"font-icon-features-icon-container fa fa-check\"><\/i><\/div>\n<div  data-type=\"column\" class=\"\">\n<h4  class=\"\">Cours \u00e0 domicile<\/h4>\n<p  class=\"\">Soyez accompagn\u00e9 dans la mise en place des bases fondamentales dans votre environnement de vie.<\/p>\n\n\n<\/div>\n<\/div>\n<\/div>\n<div  class=\"features-large-icons-featcol cp3cols cp6cols-tablet\">\n<div  class=\"features-overlapped-icons-featinnerrow\">\n<div  class=\"features-icon-container\"><i  data-cp-fa=\"true\" class=\"font-icon-features-icon-container fa fa-tree\"><\/i><\/div>\n<div  data-type=\"column\" class=\"\">\n<h4  class=\"\">Cours en for\u00eat<\/h4>\n<p  class=\"\">Travail de l\u2019\u00e9ducation et du comportement dans un environnement propice et en toute libert\u00e9.<\/p>\n\n\n<\/div>\n<\/div>\n<\/div>\n<div  class=\"features-large-icons-featcol cp3cols cp6cols-tablet\">\n<div  class=\"features-overlapped-icons-featinnerrow\">\n<div  class=\"features-icon-container\"><i  data-cp-fa=\"true\" class=\"font-icon-features-icon-container fa fa-building\"><\/i><\/div>\n<div  data-type=\"column\" class=\"\">\n<h4  class=\"\">Cours en ville<\/h4>\n<p  class=\"\">Possibilit\u00e9 de cours dans un milieu urbain stimulant o\u00f9 il peut \u00eatre difficile de trouver le contr\u00f4le.<\/p>\n\n\n<\/div>\n<\/div>\n<\/div>\n<\/div>\n<\/div>\n<\/div><div  data-label=\"accueil2\" data-id=\"content-full-left-image-section\" data-category=\"content\" class=\"content-full-left-image-section\" id=\"accueil2\" style=\"background-color: rgb(246, 246, 246);\">\n<div  class=\"content-full-left-image-innerrow\">\n<div  data-bg=\"image\" class=\"content-full-left-image-imgcol\" style=\"background-image: url(&quot;https:\/\/k9unit.fr\/wp-content\/uploads\/2022\/06\/k9unit-education-positive.jpg&quot;);\"><\/div>\n<div  class=\"content-full-left-image-textcol dynamic-color\">\n<div  data-type=\"column\" class=\"\">\n<h2  class=\"\">Ma fa\u00e7on de travailler<\/h2>\n<p  class=\"\">Sur la totalit\u00e9 des \u00e9ducateurs comportementalistes canins, tr\u00e8s peu sont form\u00e9s \u00e0 l\u2019\u00e9ducation positive. Renforcer les bons comportements et proposer un cadre structurant pour l\u2019animal peut se faire par le jeux, la nourriture et m\u00eame par l\u2019interaction. K9unit propose sa m\u00e9thode adaptative et \u00e9volutive pour le bien \u00eatre de l\u2019animal.<\/p>\n\n\n<\/div>\n<div  class=\"content-full-left-image-featuresrow\">\n<div  class=\"content-full-left-image-featurescol\" data-type=\"column\">\n<h5  class=\"\">RESPECT<\/h5>\n<p  class=\"\">Tous mes cours d\u2019\u00e9ducation se font dans le respect de votre animal et de son bien \u00eatre.<\/p>\n\n<h5  class=\"\">PREVENTION<\/h5>\n<p  class=\"\">K9unit intervient dans les \u00e9coles, coll\u00e8ges et lyc\u00e9es dans le domaine de la pr\u00e9vention morsure.<\/p>\n\n\n<\/div>\n<div  class=\"content-full-left-image-featurescol\" data-type=\"column\">\n<h5  class=\"\">POSITIF<\/h5>\n<p  class=\"\">Je renforce les bons comportements gr\u00e2ce \u00e0 une m\u00e9thode positive.<\/p>\n\n<h5  class=\"\">SPORT<\/h5>\n<p  class=\"\">Je propose des activit\u00e9s de cani-rando, activit\u00e9s aquatiques, cani-cross et initiation \u00e0 l\u2019agility.<\/p>\n\n\n<\/div>\n<\/div>\n<\/div>\n<\/div>\n<\/div><div  data-label=\"Content\" data-id=\"content-image-right\" data-category=\"content\" class=\"content-right-image-section content-image-right\" id=\"content-4\" style=\"background-color: rgb(255, 255, 255);\"> <div  class=\"gridContainer\"> <div  class=\"content-right-image-gridcol\"> <div  class=\"content-right-image-textcol dynamic-color\" data-type=\"column\"> <h2  class=\"\">K9 Unit, ancien stagiaire Nature de Chien<\/h2> <p  class=\"large_text\">J\u2019ai suivi la formation Nature de Chien afin de pouvoir mettre en pratique et renforcer mes connaissances sur l\u2019\u00e9ducation et le comportement canin.<\/p> <a class=\"button blue\" href=\"http:\/\/naturedechien.fr\" target=\"_blank\" rel=\"noopener\"> En savoir + <\/a> <\/div> <div  class=\"content-right-image-imgcol\" data-type=\"column\"> <img decoding=\"async\"  src=\"https:\/\/k9unit.fr\/wp-content\/uploads\/2022\/06\/logo-ancien-stagiaire-nature-de-chien-e1656058038510.jpg\" class=\"\" alt=\"Ancien Stagiaire Nature de Chien\"> <\/div> <\/div> <\/div> <\/div><div  data-label=\"Content\" data-id=\"content-image-left\" data-category=\"content\" class=\"content-left-image-section content-image-left\" id=\"content-3\" style=\"background-color: rgb(246, 246, 246);\"> <div  class=\"gridContainer\"> <div  class=\"row\"> <div  class=\"content-left-image-imgcol\" data-type=\"column\"> <img decoding=\"async\"  src=\"https:\/\/k9unit.fr\/wp-content\/uploads\/2022\/07\/dog-5229698_640.jpg\" class=\"\" alt=\"\"> <\/div> <div  class=\"content-left-image-textcol dynamic-color\" data-type=\"column\"> <h2  class=\"\">A venir chez K9 Unit\u2026<\/h2> <p  class=\"large_text\">Un centre d\u2019\u00e9ducation sur la ville de Troyes comprenant un parcours d\u2019agility, une grande piscine, et diff\u00e9rentes zones de travail.<br ><br >La d\u00e9couverte de l\u2019activit\u00e9 li\u00e9e au mordant positif qui permet de travailler et de vous rapprocher de lui.<br >\n<br >Retrouvez-moi sur Facebook et Instagram !<\/p>  <\/div> <\/div> <\/div> <\/div><div  data-label=\"Clients\" data-id=\"clients-grid-section\" data-category=\"clients\" class=\"clients-grid-section\" id=\"clients-1\" style=\"background-color: rgb(255, 255, 255);\"> <div  class=\"gridContainer\"> <div  class=\"clients-grid-textrow row\" data-type=\"column\"> <div  data-type=\"column\" class=\"clients-grid-textcol dynamic-color\"> <h2  class=\"\">Nos partenaires<\/h2>  <\/div> <\/div> <div  class=\"row\" data-type=\"row\" data-add-content=\"false\">  <div  class=\"clients-grid-itemcol cp3cols-tablet cp2cols\"> <div  class=\"middle_align5\"><a href=\"https:\/\/www.zoomalia.com\" target=\"_blank\" rel=\"noopener\" class=\"\"><img decoding=\"async\"  class=\"clients-grid-itemimg\" src=\"https:\/\/k9unit.fr\/wp-content\/uploads\/2022\/07\/logo-zoomalia-1.png\"><\/a> <\/div> <\/div>  <div  class=\"clients-grid-itemcol cp3cols-tablet cp2cols\"> <div  class=\"middle_align5\"><a href=\"https:\/\/www.canigourmand.com\" target=\"_blank\" rel=\"noopener\" class=\"\"><img decoding=\"async\"  class=\"clients-grid-itemimg\" src=\"https:\/\/k9unit.fr\/wp-content\/uploads\/2022\/07\/canigourmand-logo-1590045763.png\"><\/a> <\/div> <\/div><div  class=\"clients-grid-itemcol cp3cols-tablet cp2cols\"> <div  class=\"middle_align5\"><a href=\"https:\/\/tractive.com\/fr\" target=\"_blank\" rel=\"noopener\" class=\"\"><img decoding=\"async\"  class=\"clients-grid-itemimg\" src=\"https:\/\/k9unit.fr\/wp-content\/uploads\/2022\/07\/logo-tractive.png\"><\/a> <\/div> <\/div><a href=\"#\" target=\"blank\" rel=\"noopener\"> <\/a><div  class=\"clients-grid-itemcol cp3cols cp3cols-tablet\"> <div  class=\"middle_align5\"><a href=\"https:\/\/www.morinfrance.com\" target=\"_blank\" rel=\"noopener\" class=\"\"><img decoding=\"async\"  class=\"clients-grid-itemimg\" src=\"https:\/\/k9unit.fr\/wp-content\/uploads\/2022\/07\/logo-morin.png\"><\/a> <\/div> <\/div>    <div  class=\"clients-grid-itemcol cp3cols-tablet cp2cols\"> <div  class=\"middle_align5\"><a href=\"https:\/\/www.la-spa.fr\" target=\"_blank\" rel=\"noopener\" class=\"\"><img decoding=\"async\"  class=\"clients-grid-itemimg\" src=\"https:\/\/k9unit.fr\/wp-content\/uploads\/2022\/09\/logo-SPA-100.png\"><\/a> <\/div> <\/div><\/div> <\/div><\/div>","protected":false},"excerpt":{"rendered":"<p>Bilan Comportemental Pour tous les chiens qui pr\u00e9sentent des troubles comportementaux (destructions, anxi\u00e9t\u00e9, etc.) Cours \u00e0 domicile Soyez accompagn\u00e9 dans la mise en place des bases fondamentales dans votre environnement de vie. Cours en for\u00eat Travail de l\u2019\u00e9ducation et du comportement dans un environnement propice et en toute libert\u00e9. Cours en ville Possibilit\u00e9 de cours&hellip; <br \/> <a class=\"button small blue\" href=\"https:\/\/k9unit.fr\/\">Lire la suite<\/a><\/p>\n","protected":false},"author":1,"featured_media":0,"parent":0,"menu_order":0,"comment_status":"closed","ping_status":"closed","template":"","meta":{"om_disable_all_campaigns":false,"_monsterinsights_skip_tracking":false,"_monsterinsights_sitenote_active":false,"_monsterinsights_sitenote_note":"","_monsterinsights_sitenote_category":0,"footnotes":""},"class_list":["post-57","page","type-page","status-publish","hentry"],"aioseo_notices":[],"_links":{"self":[{"href":"https:\/\/k9unit.fr\/index.php?rest_route=\/wp\/v2\/pages\/57","targetHints":{"allow":["GET"]}}],"collection":[{"href":"https:\/\/k9unit.fr\/index.php?rest_route=\/wp\/v2\/pages"}],"about":[{"href":"https:\/\/k9unit.fr\/index.php?rest_route=\/wp\/v2\/types\/page"}],"author":[{"embeddable":true,"href":"https:\/\/k9unit.fr\/index.php?rest_route=\/wp\/v2\/users\/1"}],"replies":[{"embeddable":true,"href":"https:\/\/k9unit.fr\/index.php?rest_route=%2Fwp%2Fv2%2Fcomments&post=57"}],"version-history":[{"count":66,"href":"https:\/\/k9unit.fr\/index.php?rest_route=\/wp\/v2\/pages\/57\/revisions"}],"predecessor-version":[{"id":591,"href":"https:\/\/k9unit.fr\/index.php?rest_route=\/wp\/v2\/pages\/57\/revisions\/591"}],"wp:attachment":[{"href":"https:\/\/k9unit.fr\/index.php?rest_route=%2Fwp%2Fv2%2Fmedia&parent=57"}],"curies":[{"name":"wp","href":"https:\/\/api.w.org\/{rel}","templated":true}]}}