{"id":41,"date":"2022-06-06T18:39:52","date_gmt":"2022-06-06T16:39:52","guid":{"rendered":"http:\/\/k9unit.fr\/?page_id=41"},"modified":"2023-06-22T18:04:46","modified_gmt":"2023-06-22T16:04:46","slug":"a-propos-de-moi","status":"publish","type":"page","link":"https:\/\/k9unit.fr\/?page_id=41","title":{"rendered":"A propos de moi &#8211; Educateur canin dans l&rsquo;Aube"},"content":{"rendered":"\n<div class=\"wp-block-media-text alignwide has-media-on-the-right is-stacked-on-mobile is-vertically-aligned-center\" style=\"grid-template-columns:auto 35%\"><div class=\"wp-block-media-text__content\">\n<div style=\"height:55px\" aria-hidden=\"true\" class=\"wp-block-spacer\"><\/div>\n\n\n\n<h2 class=\"wp-block-heading\">Amaury Dorign\u00e9<\/h2>\n\n\n\n<p class=\"has-medium-font-size\">Ancien gendarme,<strong> passionn\u00e9 du bien \u00eatre canin<\/strong>, je me suis form\u00e9 l\u00e9galement par le biais de l\u2019A.C.A.C.E.D (Attestation de Connaissance pour les Animaux de Compagnie et d\u2019Especes Domestiques).<\/p>\n\n\n\n<p class=\"has-medium-font-size\">Puis j\u2019ai d\u00e9cid\u00e9 de passer par la soci\u00e9t\u00e9 <a href=\"http:\/\/naturedechien.fr\" target=\"_blank\" rel=\"noreferrer noopener\">Nature de chien<\/a> afin de mettre en pratique mes connaissances.<\/p>\n\n\n\n<p>Ancien \u00e9ducateur canin occupant toute la r\u00e9gion EST au sein de la <strong>Soci\u00e9t\u00e9 Protectrice des Animaux<\/strong>, je dispense d\u00e9sormais plusieurs formations au sein des institutions du <strong>minist\u00e8re de l\u2019int\u00e9rieur et de la d\u00e9fense<\/strong>.<\/p>\n\n\n\n<p class=\"has-medium-font-size\">Apr\u00e8s plusieurs d\u00e9tachements cynophiles au sein du minist\u00e8re de l\u2019Int\u00e9rieur et de La D\u00e9fense, je me suis rendu compte qu\u2019il \u00e9tait temps de faire \u00e9voluer les mentalit\u00e9s et de <strong>d\u00e9velopper la m\u00e9thode \u00e9ducative positive<\/strong> aupr\u00e8s des particuliers mais aussi des professionnels.<\/p>\n\n\n\n<p class=\"has-medium-font-size\">Je suis depuis peu <strong>sp\u00e9cialis\u00e9 dans les chiens r\u00e9actifs.<\/strong><\/p>\n<\/div><figure class=\"wp-block-media-text__media\"><img loading=\"lazy\" decoding=\"async\" width=\"768\" height=\"960\" src=\"https:\/\/k9unit.fr\/wp-content\/uploads\/2022\/06\/Amaury-chien-assis.jpg\" alt=\"\" class=\"wp-image-203 size-full\" srcset=\"https:\/\/k9unit.fr\/wp-content\/uploads\/2022\/06\/Amaury-chien-assis.jpg 768w, https:\/\/k9unit.fr\/wp-content\/uploads\/2022\/06\/Amaury-chien-assis-240x300.jpg 240w\" sizes=\"auto, (max-width: 768px) 100vw, 768px\" \/><\/figure><\/div>\n\n\n\n<div style=\"height:20px\" aria-hidden=\"true\" class=\"wp-block-spacer\"><\/div>\n\n\n\n<div class=\"wp-block-buttons is-content-justification-center is-layout-flex wp-container-core-buttons-is-layout-1 wp-block-buttons-is-layout-flex\">\n<div class=\"wp-block-button\"><a class=\"wp-block-button__link wp-element-button\" href=\"https:\/\/k9unit.fr\/?page_id=43\">Me contacter<\/a><\/div>\n<\/div>\n","protected":false},"excerpt":{"rendered":"","protected":false},"author":1,"featured_media":0,"parent":0,"menu_order":0,"comment_status":"closed","ping_status":"closed","template":"","meta":{"om_disable_all_campaigns":false,"_monsterinsights_skip_tracking":false,"_monsterinsights_sitenote_active":false,"_monsterinsights_sitenote_note":"","_monsterinsights_sitenote_category":0,"footnotes":""},"class_list":["post-41","page","type-page","status-publish","hentry"],"aioseo_notices":[],"_links":{"self":[{"href":"https:\/\/k9unit.fr\/index.php?rest_route=\/wp\/v2\/pages\/41","targetHints":{"allow":["GET"]}}],"collection":[{"href":"https:\/\/k9unit.fr\/index.php?rest_route=\/wp\/v2\/pages"}],"about":[{"href":"https:\/\/k9unit.fr\/index.php?rest_route=\/wp\/v2\/types\/page"}],"author":[{"embeddable":true,"href":"https:\/\/k9unit.fr\/index.php?rest_route=\/wp\/v2\/users\/1"}],"replies":[{"embeddable":true,"href":"https:\/\/k9unit.fr\/index.php?rest_route=%2Fwp%2Fv2%2Fcomments&post=41"}],"version-history":[{"count":31,"href":"https:\/\/k9unit.fr\/index.php?rest_route=\/wp\/v2\/pages\/41\/revisions"}],"predecessor-version":[{"id":628,"href":"https:\/\/k9unit.fr\/index.php?rest_route=\/wp\/v2\/pages\/41\/revisions\/628"}],"wp:attachment":[{"href":"https:\/\/k9unit.fr\/index.php?rest_route=%2Fwp%2Fv2%2Fmedia&parent=41"}],"curies":[{"name":"wp","href":"https:\/\/api.w.org\/{rel}","templated":true}]}}