{"id":37,"date":"2022-06-06T18:39:25","date_gmt":"2022-06-06T16:39:25","guid":{"rendered":"http:\/\/k9unit.fr\/?page_id=37"},"modified":"2023-05-09T18:12:24","modified_gmt":"2023-05-09T16:12:24","slug":"tarifs","status":"publish","type":"page","link":"https:\/\/k9unit.fr\/?page_id=37","title":{"rendered":"Tarifs"},"content":{"rendered":"\n<h3 class=\"wp-block-heading\">Bilan comportemental&nbsp;<\/h3>\n\n\n\n<p class=\"has-medium-font-size\">Le co\u00fbt du bilan comportemental est de 60 euros incluant les frais de d\u00e9placement.<\/p>\n\n\n\n<p class=\"has-medium-font-size\">Note : Si vous prenez un forfait \u00e0 l\u2019issue du bilan, celui ci vous est offert.<\/p>\n\n\n\n<h4 class=\"wp-block-heading\">Forfait&nbsp;<\/h4>\n\n\n\n<p class=\"has-medium-font-size\">Je propose un carnet de 3, 5, 8 ou 10 s\u00e9ances.<\/p>\n\n\n\n<p class=\"has-medium-font-size\">Note : La le\u00e7on co\u00fbte 50 euros.<\/p>\n\n\n\n<p class=\"has-medium-font-size\">\u2022 <strong>3 le\u00e7ons : 150 euros&nbsp;<\/strong><\/p>\n\n\n\n<p class=\"has-medium-font-size\">\u2022 <strong>5 le\u00e7ons : 240 euros&nbsp;<\/strong><\/p>\n\n\n\n<p class=\"has-medium-font-size\">\u2022 <strong>8 le\u00e7ons : 380 euros&nbsp;<\/strong><\/p>\n\n\n\n<p class=\"has-medium-font-size\">\u2022 <strong>10 le\u00e7ons : 470 euros&nbsp;<\/strong><\/p>\n\n\n\n<div style=\"height:47px\" aria-hidden=\"true\" class=\"wp-block-spacer\"><\/div>\n\n\n\n<h3 class=\"wp-block-heading\">Sport&nbsp;<\/h3>\n\n\n\n<p class=\"has-medium-font-size\">\u2022 <strong>20 euros par activit\u00e9<\/strong><\/p>\n\n\n\n<div class=\"wp-block-buttons is-content-justification-center is-layout-flex wp-container-core-buttons-is-layout-1 wp-block-buttons-is-layout-flex\">\n<div class=\"wp-block-button\"><a class=\"wp-block-button__link wp-element-button\" href=\"https:\/\/k9unit.fr\/?page_id=43\">Me contacter<\/a><\/div>\n<\/div>\n","protected":false},"excerpt":{"rendered":"<p>Bilan comportemental&nbsp; Le co\u00fbt du bilan comportemental est de 60 euros incluant les frais de d\u00e9placement. Note : Si vous prenez un forfait \u00e0 l\u2019issue du bilan, celui ci vous est offert. Forfait&nbsp; Je propose un carnet de 3, 5, 8 ou 10 s\u00e9ances. Note : La le\u00e7on co\u00fbte 50 euros. \u2022 3 le\u00e7ons :&hellip; <br \/> <a class=\"button small blue\" href=\"https:\/\/k9unit.fr\/?page_id=37\">Lire la suite<\/a><\/p>\n","protected":false},"author":1,"featured_media":0,"parent":0,"menu_order":0,"comment_status":"closed","ping_status":"closed","template":"","meta":{"om_disable_all_campaigns":false,"_monsterinsights_skip_tracking":false,"_monsterinsights_sitenote_active":false,"_monsterinsights_sitenote_note":"","_monsterinsights_sitenote_category":0,"footnotes":""},"class_list":["post-37","page","type-page","status-publish","hentry"],"aioseo_notices":[],"_links":{"self":[{"href":"https:\/\/k9unit.fr\/index.php?rest_route=\/wp\/v2\/pages\/37","targetHints":{"allow":["GET"]}}],"collection":[{"href":"https:\/\/k9unit.fr\/index.php?rest_route=\/wp\/v2\/pages"}],"about":[{"href":"https:\/\/k9unit.fr\/index.php?rest_route=\/wp\/v2\/types\/page"}],"author":[{"embeddable":true,"href":"https:\/\/k9unit.fr\/index.php?rest_route=\/wp\/v2\/users\/1"}],"replies":[{"embeddable":true,"href":"https:\/\/k9unit.fr\/index.php?rest_route=%2Fwp%2Fv2%2Fcomments&post=37"}],"version-history":[{"count":17,"href":"https:\/\/k9unit.fr\/index.php?rest_route=\/wp\/v2\/pages\/37\/revisions"}],"predecessor-version":[{"id":624,"href":"https:\/\/k9unit.fr\/index.php?rest_route=\/wp\/v2\/pages\/37\/revisions\/624"}],"wp:attachment":[{"href":"https:\/\/k9unit.fr\/index.php?rest_route=%2Fwp%2Fv2%2Fmedia&parent=37"}],"curies":[{"name":"wp","href":"https:\/\/api.w.org\/{rel}","templated":true}]}}