{"id":33,"date":"2022-06-06T18:38:22","date_gmt":"2022-06-06T16:38:22","guid":{"rendered":"http:\/\/k9unit.fr\/?page_id=33"},"modified":"2023-04-03T09:46:37","modified_gmt":"2023-04-03T07:46:37","slug":"prestations","status":"publish","type":"page","link":"https:\/\/k9unit.fr\/?page_id=33","title":{"rendered":"Prestations &#8211; Education pour chien dans l&rsquo;Aube"},"content":{"rendered":"\n<h3 class=\"wp-block-heading\">Bilan comportemental<\/h3>\n\n\n<div class=\"wp-block-image\">\n<figure class=\"aligncenter size-large is-resized\"><img loading=\"lazy\" decoding=\"async\" src=\"https:\/\/k9unit.fr\/wp-content\/uploads\/2023\/04\/k9unit-education-chien-bilan-comportemental-1024x776.jpg\" alt=\"\" class=\"wp-image-605\" width=\"632\" height=\"479\" srcset=\"https:\/\/k9unit.fr\/wp-content\/uploads\/2023\/04\/k9unit-education-chien-bilan-comportemental-1024x776.jpg 1024w, https:\/\/k9unit.fr\/wp-content\/uploads\/2023\/04\/k9unit-education-chien-bilan-comportemental-300x227.jpg 300w, https:\/\/k9unit.fr\/wp-content\/uploads\/2023\/04\/k9unit-education-chien-bilan-comportemental-768x582.jpg 768w, https:\/\/k9unit.fr\/wp-content\/uploads\/2023\/04\/k9unit-education-chien-bilan-comportemental.jpg 1169w\" sizes=\"auto, (max-width: 632px) 100vw, 632px\" \/><\/figure><\/div>\n\n\n<p><\/p>\n\n\n\n<p class=\"has-medium-font-size\">Le bilan comportemental est la premi\u00e8re \u00e9tape afin de savoir o\u00f9 en est votre chien dans son \u00e9ducation. Il permet de voir les probl\u00e8mes qu\u2019il peut rencontrer et s\u2019il a des troubles du comportement.<\/p>\n\n\n\n<p class=\"has-medium-font-size\">Ainsi, l\u2019objectif du bilan comportemental est d\u2019\u00e9tablir un plan de travail. Nous pouvons mettre en place les protocoles et solutions adapt\u00e9es pour vous et votre chien.<\/p>\n\n\n\n<div style=\"height:15px\" aria-hidden=\"true\" class=\"wp-block-spacer\"><\/div>\n\n\n\n<div style=\"height:30px\" aria-hidden=\"true\" class=\"wp-block-spacer\"><\/div>\n\n\n\n<h3 class=\"wp-block-heading\">Cours \u00e0 domicile&nbsp;<\/h3>\n\n\n\n<div style=\"height:15px\" aria-hidden=\"true\" class=\"wp-block-spacer\"><\/div>\n\n\n\n<div class=\"wp-block-media-text alignwide is-stacked-on-mobile has-background\" style=\"background-color:#abb7c21c\"><figure class=\"wp-block-media-text__media\"><img loading=\"lazy\" decoding=\"async\" width=\"977\" height=\"1024\" src=\"https:\/\/k9unit.fr\/wp-content\/uploads\/2023\/04\/k9unit-education-chien-cours-a-domicile-977x1024.jpg\" alt=\"\" class=\"wp-image-609 size-full\" srcset=\"https:\/\/k9unit.fr\/wp-content\/uploads\/2023\/04\/k9unit-education-chien-cours-a-domicile-977x1024.jpg 977w, https:\/\/k9unit.fr\/wp-content\/uploads\/2023\/04\/k9unit-education-chien-cours-a-domicile-286x300.jpg 286w, https:\/\/k9unit.fr\/wp-content\/uploads\/2023\/04\/k9unit-education-chien-cours-a-domicile-768x805.jpg 768w, https:\/\/k9unit.fr\/wp-content\/uploads\/2023\/04\/k9unit-education-chien-cours-a-domicile-1024x1073.jpg 1024w, https:\/\/k9unit.fr\/wp-content\/uploads\/2023\/04\/k9unit-education-chien-cours-a-domicile-1031x1080.jpg 1031w, https:\/\/k9unit.fr\/wp-content\/uploads\/2023\/04\/k9unit-education-chien-cours-a-domicile.jpg 1170w\" sizes=\"auto, (max-width: 977px) 100vw, 977px\" \/><\/figure><div class=\"wp-block-media-text__content\">\n<div style=\"height:20px\" aria-hidden=\"true\" class=\"wp-block-spacer\"><\/div>\n\n\n\n<p class=\"has-medium-font-size\">Le cours \u00e0 domicile se d\u00e9roule directement chez vous. Il nous permettra de travailler sur les probl\u00e9matiques \u00e9ducatives li\u00e9es \u00e0 cet environnement.<\/p>\n\n\n\n<p class=\"has-medium-font-size\"><strong>Le fait de pouvoir observer votre chien dans son habitat me permettra de vous indiquer la bonne fa\u00e7on d&rsquo;agir afin de retrouver le bon \u00e9quilibre \u00e0 la maison<\/strong>.<\/p>\n\n\n\n<p class=\"has-medium-font-size\">Je vous aide \u00e0 mettre en place les bonnes pratiques pour que chacun puisse se sentir bien chez lui !<\/p>\n<\/div><\/div>\n\n\n\n<div style=\"height:15px\" aria-hidden=\"true\" class=\"wp-block-spacer\"><\/div>\n\n\n\n<div style=\"height:30px\" aria-hidden=\"true\" class=\"wp-block-spacer\"><\/div>\n\n\n\n<h3 class=\"wp-block-heading\">Cours en ext\u00e9rieur&nbsp;<\/h3>\n\n\n\n<div style=\"height:15px\" aria-hidden=\"true\" class=\"wp-block-spacer\"><\/div>\n\n\n\n<div class=\"wp-block-media-text alignwide has-media-on-the-right is-stacked-on-mobile has-background\" style=\"background-color:#abb7c21c\"><div class=\"wp-block-media-text__content\">\n<div style=\"height:20px\" aria-hidden=\"true\" class=\"wp-block-spacer\"><\/div>\n\n\n\n<p class=\"has-medium-font-size\">Je vous accueille chez moi, sur mon terrain de 800 m\u00e8tres carr\u00e9s cl\u00f4tur\u00e9. Le but est de proposer un autre environnement \u00e0 votre chien.<\/p>\n\n\n\n<p class=\"has-medium-font-size\">Vous y trouverez tout le mat\u00e9riel n\u00e9cessaire et adapt\u00e9 \u00e0 votre animal.<\/p>\n\n\n\n<p class=\"has-medium-font-size\"><strong>La for\u00eat est \u00e0 quelques pas. J\u2019y travaille \u00e9galement afin d\u2019inclure la diversit\u00e9 du monde ext\u00e9rieur. Cela plonge le chien dans un environnement r\u00e9aliste<\/strong>.<\/p>\n<\/div><figure class=\"wp-block-media-text__media\"><img loading=\"lazy\" decoding=\"async\" width=\"916\" height=\"1024\" src=\"https:\/\/k9unit.fr\/wp-content\/uploads\/2023\/04\/k9unit-education-chien-cours-exterieur-916x1024.jpg\" alt=\"\" class=\"wp-image-612 size-full\" srcset=\"https:\/\/k9unit.fr\/wp-content\/uploads\/2023\/04\/k9unit-education-chien-cours-exterieur-916x1024.jpg 916w, https:\/\/k9unit.fr\/wp-content\/uploads\/2023\/04\/k9unit-education-chien-cours-exterieur-268x300.jpg 268w, https:\/\/k9unit.fr\/wp-content\/uploads\/2023\/04\/k9unit-education-chien-cours-exterieur-768x859.jpg 768w, https:\/\/k9unit.fr\/wp-content\/uploads\/2023\/04\/k9unit-education-chien-cours-exterieur-1024x1145.jpg 1024w, https:\/\/k9unit.fr\/wp-content\/uploads\/2023\/04\/k9unit-education-chien-cours-exterieur-966x1080.jpg 966w, https:\/\/k9unit.fr\/wp-content\/uploads\/2023\/04\/k9unit-education-chien-cours-exterieur.jpg 1117w\" sizes=\"auto, (max-width: 916px) 100vw, 916px\" \/><\/figure><\/div>\n\n\n\n<div style=\"height:20px\" aria-hidden=\"true\" class=\"wp-block-spacer\"><\/div>\n\n\n\n<div style=\"height:30px\" aria-hidden=\"true\" class=\"wp-block-spacer\"><\/div>\n\n\n\n<h3 class=\"wp-block-heading\">Cours en ville<\/h3>\n\n\n\n<div class=\"wp-block-media-text alignwide is-stacked-on-mobile is-vertically-aligned-center\" style=\"grid-template-columns:29% auto\"><figure class=\"wp-block-media-text__media\"><img loading=\"lazy\" decoding=\"async\" width=\"583\" height=\"1024\" src=\"https:\/\/k9unit.fr\/wp-content\/uploads\/2023\/04\/k9unit-education-chien-en-ville-583x1024.jpg\" alt=\"\" class=\"wp-image-599 size-full\" srcset=\"https:\/\/k9unit.fr\/wp-content\/uploads\/2023\/04\/k9unit-education-chien-en-ville-583x1024.jpg 583w, https:\/\/k9unit.fr\/wp-content\/uploads\/2023\/04\/k9unit-education-chien-en-ville-171x300.jpg 171w, https:\/\/k9unit.fr\/wp-content\/uploads\/2023\/04\/k9unit-education-chien-en-ville-768x1350.jpg 768w, https:\/\/k9unit.fr\/wp-content\/uploads\/2023\/04\/k9unit-education-chien-en-ville-615x1080.jpg 615w, https:\/\/k9unit.fr\/wp-content\/uploads\/2023\/04\/k9unit-education-chien-en-ville.jpg 828w\" sizes=\"auto, (max-width: 583px) 100vw, 583px\" \/><\/figure><div class=\"wp-block-media-text__content\">\n<p><\/p>\n\n\n\n<p class=\"has-medium-font-size\">Les cours en ville permettent d\u2019y appliquer le travail effectu\u00e9 en amont. Cela sert \u00e9galement \u00e0 travailler l\u2019ensemble du cadre \u00e9ducatif et des apprentissages fondamentaux li\u00e9s \u00e0 la ville.<\/p>\n\n\n\n<p class=\"has-medium-font-size\">L\u2019environnement urbain permet d\u2019inclure le chien dans des situations de la vie de tous les jours.<\/p>\n<\/div><\/div>\n\n\n\n<div style=\"height:30px\" aria-hidden=\"true\" class=\"wp-block-spacer\"><\/div>\n\n\n\n<h3 class=\"wp-block-heading\">Pr\u00e9vention animale<\/h3>\n\n\n\n<div style=\"height:15px\" aria-hidden=\"true\" class=\"wp-block-spacer\"><\/div>\n\n\n\n<div class=\"wp-block-media-text alignwide has-media-on-the-right is-stacked-on-mobile has-background\" style=\"background-color:#abb7c21c;grid-template-columns:auto 37%\"><div class=\"wp-block-media-text__content\">\n<div style=\"height:20px\" aria-hidden=\"true\" class=\"wp-block-spacer\"><\/div>\n\n\n\n<p class=\"has-medium-font-size\"><strong>K9Unit intervient dans les \u00e9coles, coll\u00e8ges et lyc\u00e9es dans le domaine de la pr\u00e9vention morsure<\/strong>.<\/p>\n\n\n\n<p class=\"has-medium-font-size\">Je propose \u00e9galement des ateliers sur la m\u00e9diation animale.<\/p>\n\n\n\n<p class=\"has-medium-font-size\">J&rsquo;accompagne \u00e9galement des jeunes en d\u00e9crochage scolaire.<\/p>\n<\/div><figure class=\"wp-block-media-text__media\"><img loading=\"lazy\" decoding=\"async\" width=\"600\" height=\"898\" src=\"https:\/\/k9unit.fr\/wp-content\/uploads\/2023\/04\/k9unit-education-chien-prevention-animale.jpg\" alt=\"\" class=\"wp-image-618 size-full\" srcset=\"https:\/\/k9unit.fr\/wp-content\/uploads\/2023\/04\/k9unit-education-chien-prevention-animale.jpg 600w, https:\/\/k9unit.fr\/wp-content\/uploads\/2023\/04\/k9unit-education-chien-prevention-animale-200x300.jpg 200w\" sizes=\"auto, (max-width: 600px) 100vw, 600px\" \/><\/figure><\/div>\n\n\n\n<div style=\"height:20px\" aria-hidden=\"true\" class=\"wp-block-spacer\"><\/div>\n\n\n\n<div style=\"height:30px\" aria-hidden=\"true\" class=\"wp-block-spacer\"><\/div>\n\n\n\n<h3 class=\"wp-block-heading\">Sport&nbsp;<\/h3>\n\n\n\n<div style=\"height:15px\" aria-hidden=\"true\" class=\"wp-block-spacer\"><\/div>\n\n\n\n<div class=\"wp-block-media-text alignwide is-stacked-on-mobile has-background\" style=\"background-color:#abb7c21c\"><figure class=\"wp-block-media-text__media\"><img loading=\"lazy\" decoding=\"async\" width=\"1024\" height=\"900\" src=\"https:\/\/k9unit.fr\/wp-content\/uploads\/2023\/04\/k9unit-education-chien-sport-1024x900.jpg\" alt=\"\" class=\"wp-image-615 size-full\" srcset=\"https:\/\/k9unit.fr\/wp-content\/uploads\/2023\/04\/k9unit-education-chien-sport-1024x900.jpg 1024w, https:\/\/k9unit.fr\/wp-content\/uploads\/2023\/04\/k9unit-education-chien-sport-300x264.jpg 300w, https:\/\/k9unit.fr\/wp-content\/uploads\/2023\/04\/k9unit-education-chien-sport-768x675.jpg 768w, https:\/\/k9unit.fr\/wp-content\/uploads\/2023\/04\/k9unit-education-chien-sport.jpg 1169w\" sizes=\"auto, (max-width: 1024px) 100vw, 1024px\" \/><\/figure><div class=\"wp-block-media-text__content\">\n<div style=\"height:20px\" aria-hidden=\"true\" class=\"wp-block-spacer\"><\/div>\n\n\n\n<p class=\"has-medium-font-size\">Ancien gendarme, j\u2019entretiens ma condition physique chaque jour de l\u2019ann\u00e9e.<\/p>\n\n\n\n<p class=\"has-medium-font-size\"><strong>C\u2019est pourquoi je propose des activit\u00e9s de cani-rando, activit\u00e9s aquatiques, cani-cross et initiation \u00e0 l\u2019agility<\/strong>.<\/p>\n\n\n\n<p class=\"has-medium-font-size\">K9unit propose \u00e9galement des cours collectifs et balades \u00e9ducatives en for\u00eat.<\/p>\n<\/div><\/div>\n\n\n\n<div style=\"height:20px\" aria-hidden=\"true\" class=\"wp-block-spacer\"><\/div>\n\n\n\n<div style=\"height:30px\" aria-hidden=\"true\" class=\"wp-block-spacer\"><\/div>\n\n\n\n<h3 class=\"wp-block-heading\">Divers&nbsp;<\/h3>\n\n\n\n<p class=\"has-medium-font-size\">Il est possible de mettre en place une \u00e9cole du chiot bas\u00e9e sur l\u2019\u00e9veil et l\u2019interaction positive.<\/p>\n\n\n\n<p class=\"has-medium-font-size\">De plus, je travaille beaucoup la proprioception du chien \u00e0 tout \u00e2ge. L&rsquo;objectif est de bin\u00f4mer le travail cognitif et le stimulus ligamento-musculaire.<\/p>\n\n\n\n<p class=\"has-medium-font-size\">J\u2019organise \u00e9galement des \u00ab Happy visites \u00bb chez le v\u00e9t\u00e9rinaire. Je mets aussi en place un accompagnement ainsi qu\u2019un suivi lors de l\u2019adoption de votre nouveau compagnon.<\/p>\n\n\n\n<p class=\"has-medium-font-size\">Depuis cette ann\u00e9e 2022, K9unit se d\u00e9place dans les maisons de retraite. Nos chers compagnons apportent un sourire et une compagnie aux personnes \u00e2g\u00e9es.<\/p>\n\n\n\n<p class=\"has-medium-font-size\">La cohabitation chien-chat et la venue au monde de nouveaux n\u00e9s est aussi propos\u00e9 par mon entreprise.<\/p>\n\n\n\n<div style=\"height:30px\" aria-hidden=\"true\" class=\"wp-block-spacer\"><\/div>\n\n\n\n<div class=\"wp-block-buttons is-content-justification-center is-layout-flex wp-container-core-buttons-is-layout-1 wp-block-buttons-is-layout-flex\">\n<div class=\"wp-block-button\"><a class=\"wp-block-button__link wp-element-button\" href=\"https:\/\/k9unit.fr\/?page_id=43\">Me contacter<\/a><\/div>\n<\/div>\n","protected":false},"excerpt":{"rendered":"<p>Bilan comportemental Le bilan comportemental est la premi\u00e8re \u00e9tape afin de savoir o\u00f9 en est votre chien dans son \u00e9ducation. Il permet de voir les probl\u00e8mes qu\u2019il peut rencontrer et s\u2019il a des troubles du comportement. Ainsi, l\u2019objectif du bilan comportemental est d\u2019\u00e9tablir un plan de travail. Nous pouvons mettre en place les protocoles et&hellip; <br \/> <a class=\"button small blue\" href=\"https:\/\/k9unit.fr\/?page_id=33\">Lire la suite<\/a><\/p>\n","protected":false},"author":1,"featured_media":0,"parent":0,"menu_order":0,"comment_status":"closed","ping_status":"closed","template":"","meta":{"om_disable_all_campaigns":false,"_monsterinsights_skip_tracking":false,"_monsterinsights_sitenote_active":false,"_monsterinsights_sitenote_note":"","_monsterinsights_sitenote_category":0,"footnotes":""},"class_list":["post-33","page","type-page","status-publish","hentry"],"aioseo_notices":[],"_links":{"self":[{"href":"https:\/\/k9unit.fr\/index.php?rest_route=\/wp\/v2\/pages\/33","targetHints":{"allow":["GET"]}}],"collection":[{"href":"https:\/\/k9unit.fr\/index.php?rest_route=\/wp\/v2\/pages"}],"about":[{"href":"https:\/\/k9unit.fr\/index.php?rest_route=\/wp\/v2\/types\/page"}],"author":[{"embeddable":true,"href":"https:\/\/k9unit.fr\/index.php?rest_route=\/wp\/v2\/users\/1"}],"replies":[{"embeddable":true,"href":"https:\/\/k9unit.fr\/index.php?rest_route=%2Fwp%2Fv2%2Fcomments&post=33"}],"version-history":[{"count":85,"href":"https:\/\/k9unit.fr\/index.php?rest_route=\/wp\/v2\/pages\/33\/revisions"}],"predecessor-version":[{"id":621,"href":"https:\/\/k9unit.fr\/index.php?rest_route=\/wp\/v2\/pages\/33\/revisions\/621"}],"wp:attachment":[{"href":"https:\/\/k9unit.fr\/index.php?rest_route=%2Fwp%2Fv2%2Fmedia&parent=33"}],"curies":[{"name":"wp","href":"https:\/\/api.w.org\/{rel}","templated":true}]}}